{"id":613,"date":"2019-09-10T19:54:43","date_gmt":"2019-09-10T19:54:43","guid":{"rendered":"https:\/\/www.imbeerium.be\/plans\/"},"modified":"2021-10-05T16:21:54","modified_gmt":"2021-10-05T16:21:54","slug":"plans","status":"publish","type":"page","link":"https:\/\/www.imbeerium.be\/fr\/plans\/","title":{"rendered":"Nos formules"},"content":{"rendered":"\n<p>Notre circuit de d\u00e9couverte de bi\u00e8res Trappistes s&#8217;\u00e9tale sur 9 jours, du dimanche au lundi suivant, et inclut la mise \u00e0 disposition d&#8217;un chauffeur professionnel tout au long de votre p\u00e9riple. Que vous choisissiez la formule Priv\u00e9e ou Collective, chaque \u00e9tape de notre circuit a \u00e9t\u00e9 pr\u00e9cautionneusement choisie par notre \u00e9quipe, nous permettant ainsi de vous garantir un haut niveau de confort et de raffinement pendant toute la dur\u00e9e du tour, et de faire de celui-ci un souvenir inoubliable. Veuillez noter qu&#8217;aucune de nos formules ne comprend les billets d&#8217;avion.<\/p>\n","protected":false},"excerpt":{"rendered":"Notre circuit de d\u00e9couverte de bi\u00e8res Trappistes s&#8217;\u00e9tale sur 9 jours, du dimanche au lundi suivant, et inclut la mise \u00e0 disposition d&#8217;un chauffeur professionnel tout au long de votre p\u00e9riple. Que vous choisissiez la formule Priv\u00e9e ou Collective, chaque \u00e9tape de notre circuit a \u00e9t\u00e9 pr\u00e9cautionneusement choisie par notre \u00e9quipe, nous permettant ainsi de&#8230; <a class=\"view-article\" href=\"https:\/\/www.imbeerium.be\/fr\/plans\/\">Voir l&#8217;article<\/a>","protected":false},"author":1,"featured_media":194,"parent":0,"menu_order":0,"comment_status":"closed","ping_status":"closed","template":"tpl-plans.tpl.php","meta":{"_acf_changed":false,"_monsterinsights_skip_tracking":false,"_monsterinsights_sitenote_active":false,"_monsterinsights_sitenote_note":"","_monsterinsights_sitenote_category":0,"footnotes":""},"class_list":["post-613","page","type-page","status-publish","has-post-thumbnail","hentry"],"acf":[],"_links":{"self":[{"href":"https:\/\/www.imbeerium.be\/fr\/wp-json\/wp\/v2\/pages\/613","targetHints":{"allow":["GET"]}}],"collection":[{"href":"https:\/\/www.imbeerium.be\/fr\/wp-json\/wp\/v2\/pages"}],"about":[{"href":"https:\/\/www.imbeerium.be\/fr\/wp-json\/wp\/v2\/types\/page"}],"author":[{"embeddable":true,"href":"https:\/\/www.imbeerium.be\/fr\/wp-json\/wp\/v2\/users\/1"}],"replies":[{"embeddable":true,"href":"https:\/\/www.imbeerium.be\/fr\/wp-json\/wp\/v2\/comments?post=613"}],"version-history":[{"count":10,"href":"https:\/\/www.imbeerium.be\/fr\/wp-json\/wp\/v2\/pages\/613\/revisions"}],"predecessor-version":[{"id":2950,"href":"https:\/\/www.imbeerium.be\/fr\/wp-json\/wp\/v2\/pages\/613\/revisions\/2950"}],"wp:featuredmedia":[{"embeddable":true,"href":"https:\/\/www.imbeerium.be\/fr\/wp-json\/wp\/v2\/media\/194"}],"wp:attachment":[{"href":"https:\/\/www.imbeerium.be\/fr\/wp-json\/wp\/v2\/media?parent=613"}],"curies":[{"name":"wp","href":"https:\/\/api.w.org\/{rel}","templated":true}]}}