{"id":221,"date":"2019-10-01T19:21:46","date_gmt":"2019-10-01T19:21:46","guid":{"rendered":"https:\/\/www.welcometobeergium.be\/?page_id=221"},"modified":"2020-01-30T13:42:33","modified_gmt":"2020-01-30T13:42:33","slug":"accueil","status":"publish","type":"page","link":"https:\/\/www.imbeerium.be\/fr\/","title":{"rendered":"Accueil"},"content":{"rendered":"\n<p>Nous sommes fiers de vous pr\u00e9senter le premier circuit de d\u00e9couverte et de d\u00e9gustation des meilleures bi\u00e8res Trappistes du monde. Chaque jour de notre parcours raffin\u00e9 vous permettra de d\u00e9couvrir nos abbayes les plus grandioses, nos brasseries s\u00e9culaires et nos lieux de d\u00e9gustation les plus mythiques &#8211; tout en passant vos nuits dans une s\u00e9lection de luxueux h\u00f4tels, et en savourant de d\u00e9licieux repas tant\u00f4t gastronomiques, tant\u00f4t de la cuisine du terroir, durant toute la dur\u00e9e du circuit. Vous serez \u00e9galement invit\u00e9 \u00e0 en apprendre davantage sur les techniques de brassage traditionnel et \u00e0 concevoir vous-m\u00eame votre propre bi\u00e8re. Et parce que votre confort est l&#8217;une de nos plus haute priorit\u00e9, chaque kilom\u00e8tre parcouru le sera \u00e0 bord de v\u00e9hicules haut-de-gamme qui assureront la s\u00e9curit\u00e9 et la s\u00e9r\u00e9nit\u00e9 de vos proches et de vous-m\u00eame. En d&#8217;autres termes, chaque d\u00e9tail de notre circuit a \u00e9t\u00e9 m\u00e9ticuleusement choisi pour que celui-ci reste un souvenir inoubliable.<\/p>\n","protected":false},"excerpt":{"rendered":"Nous sommes fiers de vous pr\u00e9senter le premier circuit de d\u00e9couverte et de d\u00e9gustation des meilleures bi\u00e8res Trappistes du monde. Chaque jour de notre parcours raffin\u00e9 vous permettra de d\u00e9couvrir nos abbayes les plus grandioses, nos brasseries s\u00e9culaires et nos lieux de d\u00e9gustation les plus mythiques &#8211; tout en passant vos nuits dans une s\u00e9lection&#8230; <a class=\"view-article\" href=\"https:\/\/www.imbeerium.be\/fr\/\">Voir l&#8217;article<\/a>","protected":false},"author":1,"featured_media":0,"parent":0,"menu_order":0,"comment_status":"closed","ping_status":"closed","template":"tpl-home.tpl.php","meta":{"_acf_changed":false,"_monsterinsights_skip_tracking":false,"_monsterinsights_sitenote_active":false,"_monsterinsights_sitenote_note":"","_monsterinsights_sitenote_category":0,"footnotes":""},"class_list":["post-221","page","type-page","status-publish","hentry"],"acf":[],"_links":{"self":[{"href":"https:\/\/www.imbeerium.be\/fr\/wp-json\/wp\/v2\/pages\/221","targetHints":{"allow":["GET"]}}],"collection":[{"href":"https:\/\/www.imbeerium.be\/fr\/wp-json\/wp\/v2\/pages"}],"about":[{"href":"https:\/\/www.imbeerium.be\/fr\/wp-json\/wp\/v2\/types\/page"}],"author":[{"embeddable":true,"href":"https:\/\/www.imbeerium.be\/fr\/wp-json\/wp\/v2\/users\/1"}],"replies":[{"embeddable":true,"href":"https:\/\/www.imbeerium.be\/fr\/wp-json\/wp\/v2\/comments?post=221"}],"version-history":[{"count":16,"href":"https:\/\/www.imbeerium.be\/fr\/wp-json\/wp\/v2\/pages\/221\/revisions"}],"predecessor-version":[{"id":957,"href":"https:\/\/www.imbeerium.be\/fr\/wp-json\/wp\/v2\/pages\/221\/revisions\/957"}],"wp:attachment":[{"href":"https:\/\/www.imbeerium.be\/fr\/wp-json\/wp\/v2\/media?parent=221"}],"curies":[{"name":"wp","href":"https:\/\/api.w.org\/{rel}","templated":true}]}}